{"id":2766,"date":"2022-11-18T11:48:49","date_gmt":"2022-11-18T11:48:49","guid":{"rendered":"https:\/\/wunschfinder.at\/?page_id=2766"},"modified":"2024-02-22T11:01:50","modified_gmt":"2024-02-22T11:01:50","slug":"geschenke","status":"publish","type":"page","link":"https:\/\/wunschfinder.at\/index.php\/geschenke\/","title":{"rendered":"geschenke"},"content":{"rendered":"<p><div class=\"fusion-fullwidth fullwidth-box fusion-builder-row-1 fusion-flex-container has-pattern-background has-mask-background nonhundred-percent-fullwidth non-hundred-percent-height-scrolling\" style=\"--awb-border-radius-top-left:0px;--awb-border-radius-top-right:0px;--awb-border-radius-bottom-right:0px;--awb-border-radius-bottom-left:0px;--awb-flex-wrap:wrap;\" ><div class=\"fusion-builder-row fusion-row fusion-flex-align-items-flex-start fusion-flex-content-wrap\" style=\"max-width:1248px;margin-left: calc(-4% \/ 2 );margin-right: calc(-4% \/ 2 );\"><div class=\"fusion-layout-column fusion_builder_column fusion-builder-column-0 fusion_builder_column_1_3 1_3 fusion-flex-column\" style=\"--awb-bg-size:cover;--awb-width-large:33.333333333333%;--awb-margin-top-large:0px;--awb-spacing-right-large:5.76%;--awb-margin-bottom-large:20px;--awb-spacing-left-large:5.76%;--awb-width-medium:100%;--awb-order-medium:0;--awb-spacing-right-medium:1.92%;--awb-spacing-left-medium:1.92%;--awb-width-small:100%;--awb-order-small:0;--awb-spacing-right-small:1.92%;--awb-spacing-left-small:1.92%;\"><div class=\"fusion-column-wrapper fusion-column-has-shadow fusion-flex-justify-content-flex-start fusion-content-layout-column\"><div class=\"fusion-image-element \" style=\"--awb-caption-title-font-family:var(--h2_typography-font-family);--awb-caption-title-font-weight:var(--h2_typography-font-weight);--awb-caption-title-font-style:var(--h2_typography-font-style);--awb-caption-title-size:var(--h2_typography-font-size);--awb-caption-title-transform:var(--h2_typography-text-transform);--awb-caption-title-line-height:var(--h2_typography-line-height);--awb-caption-title-letter-spacing:var(--h2_typography-letter-spacing);\"><span class=\" fusion-imageframe imageframe-none imageframe-1 hover-type-none\"><img decoding=\"async\" width=\"1200\" height=\"1200\" title=\"Happy shopping for presents, portrait of a woman in a white dress with a big smile holding gifts as gold confetti are falling\" src=\"https:\/\/wunschfinder.at\/wp-content\/uploads\/2022\/12\/besonderesgeschenk.jpg\" alt class=\"img-responsive wp-image-2967\" srcset=\"https:\/\/wunschfinder.at\/wp-content\/uploads\/2022\/12\/besonderesgeschenk-200x200.jpg 200w, https:\/\/wunschfinder.at\/wp-content\/uploads\/2022\/12\/besonderesgeschenk-400x400.jpg 400w, https:\/\/wunschfinder.at\/wp-content\/uploads\/2022\/12\/besonderesgeschenk-600x600.jpg 600w, https:\/\/wunschfinder.at\/wp-content\/uploads\/2022\/12\/besonderesgeschenk-800x800.jpg 800w, https:\/\/wunschfinder.at\/wp-content\/uploads\/2022\/12\/besonderesgeschenk.jpg 1200w\" sizes=\"(max-width: 1000px) 100vw, (max-width: 605px) 100vw, 400px\" \/><\/span><\/div><div class=\"fusion-title title fusion-title-1 fusion-sep-none fusion-title-center fusion-title-text fusion-title-size-five\" style=\"--awb-margin-top:50px;--awb-font-size:14px;\"><h5 class=\"fusion-title-heading title-heading-center\" style=\"font-family:&quot;ModernLoveCaps&quot;;font-style:normal;font-weight:400;margin:0;font-size:1em;\"><h6 style=\"text-align: center;\"><span style=\"font-family: modern-love-caps; font-size: 18pt; color: #ffffff;\">Das besondere Geschenk<\/span><\/h6><\/h5><\/div><div class=\"fusion-builder-row fusion-builder-row-inner fusion-row fusion-flex-align-items-flex-start fusion-flex-content-wrap\" style=\"width:104% !important;max-width:104% !important;margin-left: calc(-4% \/ 2 );margin-right: calc(-4% \/ 2 );\"><div class=\"fusion-layout-column fusion_builder_column_inner fusion-builder-nested-column-0 fusion_builder_column_inner_1_1 1_1 fusion-flex-column\" style=\"--awb-bg-size:cover;--awb-width-large:100%;--awb-margin-top-large:0px;--awb-spacing-right-large:1.92%;--awb-margin-bottom-large:40px;--awb-spacing-left-large:1.92%;--awb-width-medium:100%;--awb-order-medium:0;--awb-spacing-right-medium:1.92%;--awb-spacing-left-medium:1.92%;--awb-width-small:100%;--awb-order-small:0;--awb-spacing-right-small:1.92%;--awb-spacing-left-small:1.92%;\" data-scroll-devices=\"small-visibility,medium-visibility,large-visibility\"><div class=\"fusion-column-wrapper fusion-column-has-shadow fusion-flex-justify-content-space-evenly fusion-content-layout-row\"><div class=\"fusion-text fusion-text-1\" style=\"--awb-text-color:#4c4c4c;\"><p>Ein besonderes Geschenk f\u00fcr seine Liebsten zu finden ist nicht immer so einfach. Oft braucht es Zeit und viel Nachforschen und Suchen um das perfekte Geschenk zu finden. Ich helfe und unterst\u00fctze Dich gerne dabei. Du erz\u00e4hlst mir soviel wie m\u00f6glich \u00fcber Dich und den Empf\u00e4nger und Dein Verh\u00e4ltnis zueinander und ich suche je nach Geschmack und Preisvorstellung das passende Geschenk aus. Gemeinsam zaubern wir dem Empf\u00e4nger ein L\u00e4cheln ins Gesicht.<\/p>\n<\/div><\/div><\/div><\/div><\/div><\/div><div class=\"fusion-layout-column fusion_builder_column fusion-builder-column-1 fusion_builder_column_1_3 1_3 fusion-flex-column\" style=\"--awb-bg-size:cover;--awb-width-large:33.333333333333%;--awb-margin-top-large:0px;--awb-spacing-right-large:5.76%;--awb-margin-bottom-large:20px;--awb-spacing-left-large:5.76%;--awb-width-medium:100%;--awb-order-medium:0;--awb-spacing-right-medium:1.92%;--awb-spacing-left-medium:1.92%;--awb-width-small:100%;--awb-order-small:0;--awb-spacing-right-small:1.92%;--awb-spacing-left-small:1.92%;\"><div class=\"fusion-column-wrapper fusion-column-has-shadow fusion-flex-justify-content-flex-start fusion-content-layout-column\"><div class=\"fusion-image-element \" style=\"--awb-caption-title-font-family:var(--h2_typography-font-family);--awb-caption-title-font-weight:var(--h2_typography-font-weight);--awb-caption-title-font-style:var(--h2_typography-font-style);--awb-caption-title-size:var(--h2_typography-font-size);--awb-caption-title-transform:var(--h2_typography-text-transform);--awb-caption-title-line-height:var(--h2_typography-line-height);--awb-caption-title-letter-spacing:var(--h2_typography-letter-spacing);\"><span class=\" fusion-imageframe imageframe-none imageframe-2 hover-type-none\"><img decoding=\"async\" width=\"1200\" height=\"1200\" title=\"Pink car with gift box on a roof with flowers bouquet on a blue background.\" src=\"https:\/\/wunschfinder.at\/wp-content\/uploads\/2022\/12\/notfallsgeschenk.jpg\" alt class=\"img-responsive wp-image-2965\" srcset=\"https:\/\/wunschfinder.at\/wp-content\/uploads\/2022\/12\/notfallsgeschenk-200x200.jpg 200w, https:\/\/wunschfinder.at\/wp-content\/uploads\/2022\/12\/notfallsgeschenk-400x400.jpg 400w, https:\/\/wunschfinder.at\/wp-content\/uploads\/2022\/12\/notfallsgeschenk-600x600.jpg 600w, https:\/\/wunschfinder.at\/wp-content\/uploads\/2022\/12\/notfallsgeschenk-800x800.jpg 800w, https:\/\/wunschfinder.at\/wp-content\/uploads\/2022\/12\/notfallsgeschenk.jpg 1200w\" sizes=\"(max-width: 1000px) 100vw, (max-width: 605px) 100vw, 400px\" \/><\/span><\/div><div class=\"fusion-title title fusion-title-2 fusion-sep-none fusion-title-center fusion-title-text fusion-title-size-five\" style=\"--awb-margin-top:50px;\"><h5 class=\"fusion-title-heading title-heading-center\" style=\"font-family:&quot;ModernLoveCaps&quot;;font-style:normal;font-weight:400;margin:0;\"><h6 style=\"text-align: center;\"><span style=\"font-family: modern-love-caps; font-size: 18pt; color: #ffffff;\">Das Notfalls Geschenk<\/span><\/h6><\/h5><\/div><div class=\"fusion-builder-row fusion-builder-row-inner fusion-row fusion-flex-align-items-flex-start fusion-flex-content-wrap\" style=\"width:104% !important;max-width:104% !important;margin-left: calc(-4% \/ 2 );margin-right: calc(-4% \/ 2 );\"><div class=\"fusion-layout-column fusion_builder_column_inner fusion-builder-nested-column-1 fusion_builder_column_inner_1_1 1_1 fusion-flex-column\" style=\"--awb-bg-size:cover;--awb-width-large:100%;--awb-margin-top-large:-20px;--awb-spacing-right-large:1.92%;--awb-margin-bottom-large:20px;--awb-spacing-left-large:1.92%;--awb-width-medium:100%;--awb-order-medium:0;--awb-spacing-right-medium:1.92%;--awb-spacing-left-medium:1.92%;--awb-width-small:100%;--awb-order-small:0;--awb-spacing-right-small:1.92%;--awb-spacing-left-small:1.92%;\" data-scroll-devices=\"small-visibility,medium-visibility,large-visibility\"><div class=\"fusion-column-wrapper fusion-column-has-shadow fusion-flex-justify-content-space-evenly fusion-content-layout-row\"><div class=\"fusion-text fusion-text-2\" style=\"--awb-text-color:#4c4c4c;\"><p style=\"text-align: left;\">Wir alle sind oft genug besch\u00e4ftigt mit unserem Alltag und Beruf, und es passiert ganz schnell, dass wir einen Geburtstag oder Jahrestag vergessen. Wenn es besonders schnell gehen soll, w\u00e4hle diese Option aus. Du kannst mich auch gerne telefonisch erreichen.<\/p>\n<p><br class=\"\u201dclear\u201d\" \/><br class=\"\u201dclear\u201d\" \/><br class=\"\u201dclear\u201d\" \/><br class=\"\u201dclear\u201d\" \/><\/p>\n<\/div><\/div><\/div><\/div><\/div><\/div><div class=\"fusion-layout-column fusion_builder_column fusion-builder-column-2 fusion_builder_column_1_3 1_3 fusion-flex-column\" style=\"--awb-bg-size:cover;--awb-width-large:33.333333333333%;--awb-margin-top-large:0px;--awb-spacing-right-large:5.76%;--awb-margin-bottom-large:20px;--awb-spacing-left-large:5.76%;--awb-width-medium:100%;--awb-order-medium:0;--awb-spacing-right-medium:1.92%;--awb-spacing-left-medium:1.92%;--awb-width-small:100%;--awb-order-small:0;--awb-spacing-right-small:1.92%;--awb-spacing-left-small:1.92%;\"><div class=\"fusion-column-wrapper fusion-column-has-shadow fusion-flex-justify-content-flex-start fusion-content-layout-column\"><div class=\"fusion-image-element \" style=\"--awb-caption-title-font-family:var(--h2_typography-font-family);--awb-caption-title-font-weight:var(--h2_typography-font-weight);--awb-caption-title-font-style:var(--h2_typography-font-style);--awb-caption-title-size:var(--h2_typography-font-size);--awb-caption-title-transform:var(--h2_typography-text-transform);--awb-caption-title-line-height:var(--h2_typography-line-height);--awb-caption-title-letter-spacing:var(--h2_typography-letter-spacing);\"><span class=\" fusion-imageframe imageframe-none imageframe-3 hover-type-none\"><img decoding=\"async\" width=\"1200\" height=\"1200\" title=\"Paper card for letter and pastel xmas decoration round frame. Flat lay for Merry Christmas or Happy New Year. top view. Copy space\" src=\"https:\/\/wunschfinder.at\/wp-content\/uploads\/2022\/12\/5er.jpg\" alt class=\"img-responsive wp-image-2963\" srcset=\"https:\/\/wunschfinder.at\/wp-content\/uploads\/2022\/12\/5er-200x200.jpg 200w, https:\/\/wunschfinder.at\/wp-content\/uploads\/2022\/12\/5er-400x400.jpg 400w, https:\/\/wunschfinder.at\/wp-content\/uploads\/2022\/12\/5er-600x600.jpg 600w, https:\/\/wunschfinder.at\/wp-content\/uploads\/2022\/12\/5er-800x800.jpg 800w, https:\/\/wunschfinder.at\/wp-content\/uploads\/2022\/12\/5er.jpg 1200w\" sizes=\"(max-width: 1000px) 100vw, (max-width: 605px) 100vw, 400px\" \/><\/span><\/div><div class=\"fusion-title title fusion-title-3 fusion-sep-none fusion-title-center fusion-title-text fusion-title-size-five\" style=\"--awb-margin-top:50px;\"><h5 class=\"fusion-title-heading title-heading-center\" style=\"font-family:&quot;ModernLoveCaps&quot;;font-style:normal;font-weight:400;margin:0;\"><h6 style=\"text-align: center;\"><span style=\"font-family: modern-love-caps; font-size: 18pt; color: #ffffff;\">\u00a05 Anl\u00e4sse, 1 Jahr &amp; 1 Lieblingsmensch<\/span><\/h6><\/h5><\/div><div class=\"fusion-builder-row fusion-builder-row-inner fusion-row fusion-flex-align-items-flex-start fusion-flex-content-wrap\" style=\"width:104% !important;max-width:104% !important;margin-left: calc(-4% \/ 2 );margin-right: calc(-4% \/ 2 );\"><div class=\"fusion-layout-column fusion_builder_column_inner fusion-builder-nested-column-2 fusion_builder_column_inner_1_1 1_1 fusion-flex-column\" style=\"--awb-bg-size:cover;--awb-width-large:100%;--awb-margin-top-large:-20px;--awb-spacing-right-large:1.92%;--awb-margin-bottom-large:20px;--awb-spacing-left-large:1.92%;--awb-width-medium:100%;--awb-order-medium:0;--awb-spacing-right-medium:1.92%;--awb-spacing-left-medium:1.92%;--awb-width-small:100%;--awb-order-small:0;--awb-spacing-right-small:1.92%;--awb-spacing-left-small:1.92%;\" data-scroll-devices=\"small-visibility,medium-visibility,large-visibility\"><div class=\"fusion-column-wrapper fusion-column-has-shadow fusion-flex-justify-content-space-evenly fusion-content-layout-row\"><div class=\"fusion-text fusion-text-3\" style=\"--awb-text-color:#4c4c4c;\"><p style=\"text-align: left;\">Ich k\u00fcmmere mich ein Jahr hindurch um alle Anl\u00e4sse f\u00fcr einen besonderen Menschen. Sei es Geburtstag, Jahrestag, Hochzeitstag, Valentinstag oder Weihnachten. Gemeinsam legen wir diese Termine fest und ich erinnere Dich rechtzeitig mit jeweils 3 Geschenkvorschl\u00e4gen.<\/p>\n<p><br class=\"\u201dclear\u201d\" \/><br class=\"\u201dclear\u201d\" \/><br class=\"\u201dclear\u201d\" \/><\/p>\n<\/div><\/div><\/div><\/div><\/div><\/div><\/div><\/div><div class=\"fusion-fullwidth fullwidth-box fusion-builder-row-2 fusion-flex-container has-pattern-background has-mask-background nonhundred-percent-fullwidth non-hundred-percent-height-scrolling\" style=\"--awb-border-radius-top-left:0px;--awb-border-radius-top-right:0px;--awb-border-radius-bottom-right:0px;--awb-border-radius-bottom-left:0px;--awb-flex-wrap:wrap;\" ><div class=\"fusion-builder-row fusion-row fusion-flex-align-items-flex-start fusion-flex-content-wrap\" style=\"max-width:1248px;margin-left: calc(-4% \/ 2 );margin-right: calc(-4% \/ 2 );\"><div class=\"fusion-layout-column fusion_builder_column fusion-builder-column-3 fusion_builder_column_1_1 1_1 fusion-flex-column\" style=\"--awb-bg-size:cover;--awb-width-large:100%;--awb-margin-top-large:0px;--awb-spacing-right-large:1.92%;--awb-margin-bottom-large:20px;--awb-spacing-left-large:1.92%;--awb-width-medium:100%;--awb-order-medium:0;--awb-spacing-right-medium:1.92%;--awb-spacing-left-medium:1.92%;--awb-width-small:100%;--awb-order-small:0;--awb-spacing-right-small:1.92%;--awb-spacing-left-small:1.92%;\"><div class=\"fusion-column-wrapper fusion-column-has-shadow fusion-flex-justify-content-flex-start fusion-content-layout-column\"><div class=\"fusion-image-element \" style=\"text-align:center;--awb-caption-title-font-family:var(--h2_typography-font-family);--awb-caption-title-font-weight:var(--h2_typography-font-weight);--awb-caption-title-font-style:var(--h2_typography-font-style);--awb-caption-title-size:var(--h2_typography-font-size);--awb-caption-title-transform:var(--h2_typography-text-transform);--awb-caption-title-line-height:var(--h2_typography-line-height);--awb-caption-title-letter-spacing:var(--h2_typography-letter-spacing);\"><span class=\" fusion-imageframe imageframe-none imageframe-4 hover-type-none\"><img decoding=\"async\" width=\"295\" height=\"93\" title=\"icons_combo_white_3\" src=\"https:\/\/wunschfinder.at\/wp-content\/uploads\/2022\/12\/icons_combo_white_3.png\" alt class=\"img-responsive wp-image-2998\" srcset=\"https:\/\/wunschfinder.at\/wp-content\/uploads\/2022\/12\/icons_combo_white_3-200x63.png 200w, https:\/\/wunschfinder.at\/wp-content\/uploads\/2022\/12\/icons_combo_white_3.png 295w\" sizes=\"(max-width: 1000px) 100vw, (max-width: 605px) 100vw, 295px\" \/><\/span><\/div><\/div><\/div><\/div><\/div><\/p>\n","protected":false},"excerpt":{"rendered":"","protected":false},"author":2,"featured_media":0,"parent":0,"menu_order":0,"comment_status":"closed","ping_status":"closed","template":"100-width.php","meta":{"footnotes":""},"class_list":["post-2766","page","type-page","status-publish","hentry"],"_links":{"self":[{"href":"https:\/\/wunschfinder.at\/index.php\/wp-json\/wp\/v2\/pages\/2766","targetHints":{"allow":["GET"]}}],"collection":[{"href":"https:\/\/wunschfinder.at\/index.php\/wp-json\/wp\/v2\/pages"}],"about":[{"href":"https:\/\/wunschfinder.at\/index.php\/wp-json\/wp\/v2\/types\/page"}],"author":[{"embeddable":true,"href":"https:\/\/wunschfinder.at\/index.php\/wp-json\/wp\/v2\/users\/2"}],"replies":[{"embeddable":true,"href":"https:\/\/wunschfinder.at\/index.php\/wp-json\/wp\/v2\/comments?post=2766"}],"version-history":[{"count":214,"href":"https:\/\/wunschfinder.at\/index.php\/wp-json\/wp\/v2\/pages\/2766\/revisions"}],"predecessor-version":[{"id":3631,"href":"https:\/\/wunschfinder.at\/index.php\/wp-json\/wp\/v2\/pages\/2766\/revisions\/3631"}],"wp:attachment":[{"href":"https:\/\/wunschfinder.at\/index.php\/wp-json\/wp\/v2\/media?parent=2766"}],"curies":[{"name":"wp","href":"https:\/\/api.w.org\/{rel}","templated":true}]}}