{"id":3637,"date":"2024-03-06T09:47:38","date_gmt":"2024-03-06T09:47:38","guid":{"rendered":"https:\/\/wunschfinder.at\/?page_id=3637"},"modified":"2024-03-06T09:47:38","modified_gmt":"2024-03-06T09:47:38","slug":"agb","status":"publish","type":"page","link":"https:\/\/wunschfinder.at\/index.php\/agb\/","title":{"rendered":"agbs"},"content":{"rendered":"<h4>Allgemeine Gesch\u00e4ftsbedingungen<br \/>\nvon Birgit Brantner<br \/>\n3500 Krems\/Donau, Dr.Max-Thorwestenstrasse 17<\/h4>\n<h6>(im Folgenden \u201eUnternehmer\u201c genannt)<br \/>\n1. Geltung\/Allgemeines<\/h6>\n<p>Die Lieferungen, Leistungen und Angebote des Unternehmers erfolgen ausschlie\u00dflich aufgrund dieser Allge-meinen Gesch\u00e4ftsbedingungen (kurz: AGB); entgegenstehende oder von diesen AGB abweichende Bedingun-gen des Kunden erkennt der Unternehmer nicht an, es sei denn, er hat ausdr\u00fccklich ihrer Geltung zugestimmt. Der Kunde beauftragt dem Unternehmer mit den im gesonderten Auftragsschreiben und in diesen Vertragsbe-dingungen ausdr\u00fccklich angef\u00fchrten Leistungen.<br \/>\nAbweichungen oder Erg\u00e4nzungen zu dem Auftragsschreiben oder zu diesen Vertragsbedingungen sowie nach-tr\u00e4gliche \u00c4nderungen der beauftragten Leistungen bed\u00fcrfen einer schriftlichen Vereinbarung zwischen den Vertragsparteien oder einer schriftlichen Best\u00e4tigung durch den Unternehmer. Festgestellt wird, dass die Ver-tragsparteien keine ausschlie\u00dflich m\u00fcndlichen Nebenabreden getroffen haben.<br \/>\nDer Auftrag kommt durch Unterfertigung des Auftragsschreibens zustande. Die Kunden beauftragen den Un-ternehmer ausschlie\u00dflich mit den in den Vertragsunterlagen festgelegten Leistungen. Sonstige Leistungen sind nicht geschuldet. Der Unternehmer kann die vereinbarten Leistungen auch durch Gehilfen einbringen.<\/p>\n<h6>2. Leistungsgegenstand und Vollmacht:<\/h6>\n<p>Die Kunden beauftragen den Unternehmer mit den im Auftragsschreiben angef\u00fchrten Leistungen. Ver-einbart wird, dass, sofern keine anderslautende Vereinbarung getroffen wird, vom Kunden beauftragte Kostenvoranschl\u00e4ge entgeltlich sind. Im Zweifel gilt ein angemessenes Entgelt als vereinbart. Die Einholung allenfalls erforderlicher beh\u00f6rdlicher Genehmigungen ist vom Leistungsumfang des Unter-nehmers nur im Falle einer ausdr\u00fccklichen schriftlichen Vereinbarung umfasst ist.<br \/>\nFestgehalten wird, dass der Unternehmer lediglich als Vermittler auftritt. Der Vertragsabschluss mit den jeweiligen Anbietern erfolgt ausnahmslos seitens des Kunden. Bei Abschluss von Vertr\u00e4gen zwischen Anbietern und Kunden wird der Unternehmer auf die Wahrung der Interessen des Kunden achten. Der Unternehmer ist gem\u00e4\u00df dem Auftragsschreiben beauftragt und bevollm\u00e4chtigt, mit Dritten, wie etwa den oben genannten Anbietern im Namen und auf Rechnung der Kunden Vertr\u00e4ge abzuschlie\u00dfen. Der Un-ternehmer \u00fcbernimmt keinerlei Haftung f\u00fcr Handlungen oder Unterlassungen von Lieferanten und Dienstleistern sowie keine Haftung f\u00fcr die operative Durchf\u00fchrung allenfalls beauftragter Veranstal-tungen.<br \/>\n\u00dcber Wunsch des Kunden kann der Unternehmer auch Kostenvoranschl\u00e4ge von einzelnen Anbietern einholen. Der Unternehmer wird den Kunden vorab \u00fcber die Entgeltlichkeit des Kostenvoranschlages informieren.<\/p>\n<h6>3. R\u00fccktrittsrecht<\/h6>\n<p>Der Unternehmer r\u00e4umt den Kunden das Recht ein, von diesem Vertrag binnen 7 Tagen ab Abschluss zur\u00fcckzu-treten, ohne dass ein Entgelt in Rechnung gestellt wird. F\u00fcr den Fall eines R\u00fccktritts nach Ablauf dieser Frist steht dem Unternehmer jedenfalls ein Entgelt in der H\u00f6he von 80 % des vereinbarten Entgelts zu. Erfolgt nach Beginn der Leistungserbringung des Unternehmers ein R\u00fccktritt, steht das gesamte vereinbarte Entgelt zu. Ein R\u00fccktritt vom Vertrag bedarf der Schriftlichkeit<\/p>\n<p>R\u00fccktritt im Sinne des Fern- und Ausw\u00e4rtsgesch\u00e4fte-Gesetz (FFAG)<br \/>\nVerbraucher k\u00f6nnen gem\u00e4\u00df FAGG von abgeschlossenen Vertr\u00e4gen binnen 14 Werktagen ohne Angabe von Gr\u00fcnden zur\u00fccktreten. Die R\u00fccktrittsfrist beginnt mit Erhalt der Bestellbest\u00e4tigung und den Vertragsbedingun-gen (AGB). Vertragsrelevante Unterlagen werden an die im Bestellprozess vom Kunden angegebene E-Mail Ad-resse zugestellt.<\/p>\n<p>Der Unternehmer macht ausdr\u00fccklich darauf aufmerksam, dass bei von Kunden gew\u00fcnschter sofortiger Ver-tragserf\u00fcllung kein R\u00fccktrittsrecht mehr besteht.<\/p>\n<p>Ferner besteht kein R\u00fccktrittsrecht<br \/>\n\u2022 f\u00fcr Waren, die nach Kundenspezifikationen angefertigt werden oder eindeutig auf die pers\u00f6nlichen Bed\u00fcrfnisse zugeschnitten sind.<br \/>\n\u2022 Ton- oder Videoaufnahmen oder Computersoftware, die in einer versiegelten Packung geliefert werden, sofern deren Versiegelung nach der Lieferung entfernt wurde.<\/p>\n<p>Form der R\u00fccktrittserkl\u00e4rung<br \/>\nDie R\u00fccktrittserkl\u00e4rung ist an die im Impressum stehende Adresse zu richten (E-Mail oder Brief) und bedarf keiner gesonderten Form und gilt als fristgerecht eingebracht, wenn sie innerhalb der Frist abgesandt wurde.<\/p>\n<p>Besonderheiten beim R\u00fccktritt von Dienstleistungsvertr\u00e4gen<br \/>\nW\u00fcnscht der Kunde einen Vertragsbeginn der Dienstleistung w\u00e4hrend der R\u00fccktrittsfrist (\u00a710 FFAG), so hat er im Falle eines R\u00fccktritts anteilige Kosten zu tragen (\u00a716 FFAG).<\/p>\n<p>Pflichten des Verbrauchers bei R\u00fccktritt vom Kaufvertrag<br \/>\nEmpfangene Waren sind auf eigene Kosten sp\u00e4testens binnen 14 Tagen (es gilt das Datum der R\u00fccksendung) ab Abgabe der R\u00fccktrittserkl\u00e4rung an den Unternehmer zur\u00fcckzugeben. Sollte Ware aufgrund von unsachgem\u00e4\u00dfer Handhabe, oder nicht notwendigen Umgang zur Pr\u00fcfung der Ware, eine Minderung des Verkehrswertes zur Folge haben, so haftet der Verbraucher f\u00fcr diese Wertminderung.<\/p>\n<p>R\u00fccktrittsrecht seitens des Unternehmers<br \/>\nDer Unternehmer ist berechtigt, vom Vertrag zur\u00fcckzutreten, wenn:<br \/>\n\u2022 der Kunde mit f\u00e4lligen Zahlungen trotz qualifizierter Mahnung und Setzung einer Nachfrist von 14 Tagen ganz oder auch nur teilweise in Verzug ist.<br \/>\n\u2022 der Kunde wiederholt oder vors\u00e4tzlich gegen wesentliche Bestimmungen des Vertrages oder dieser AGB verst\u00f6\u00dft.<br \/>\n\u2022 \u00fcber das Verm\u00f6gen des Kunden ein Ausgleichs-, Konkurs oder Vorverfahren er\u00f6ffnet wird, oder die Er\u00f6ffnung eines derartigen Verfahrens mangels kostendeckenden Verm\u00f6gens abgewiesen wird.<br \/>\n\u2022 der Kunde bei Vertragsabschluss unrichtige Angaben macht oder Umst\u00e4nde verschwiegen hat, deren Kenntnis dem Unternehmer vom Abschluss des Vertrages abgehalten h\u00e4tte.<br \/>\n\u2022 die Ausf\u00fchrung der Lieferung bzw. der Beginn oder die Weiterf\u00fchrung der Leistung aus Gr\u00fcnden, die der Kunde zu vertreten hat, unm\u00f6glich oder trotz Setzung einer angemessenen Nachfrist weiter verz\u00f6gert wird.<br \/>\n\u2022 Bedenken hinsichtlich der Zahlungsf\u00e4higkeit des Kunden entstanden sind und dieser trotz Aufforderung des Unternehmers weder Vorauszahlung leistet noch vor Lieferung oder Weiterf\u00fchrung der Leistung eine taugliche Sicherheit erbringt.<\/p>\n<h6>4. Entgelt:<\/h6>\n<p>Das Entgelt ist sofern nichts anderes schriftlich vereinbart wurde im Voraus zu entrichten. Bei Zahlungsverzug ist der Unternehmer berechtigt, s\u00e4mtliche daraus entstehenden Spesen und Kosten sowie die bank\u00fcblichen Verzugszinsen zus\u00e4tzlich zu verrechnen. Au\u00dferdem ist der Unternehmer berechtigt die offenen Forderungen auf Kosten des Schuldners einem Inkassob\u00fcro\/Rechtsanwalt zu \u00fcbergeben. Sofern keine anderslautende schriftliche Vereinbarung getroffen wird sind auflaufende Barauslagen, wie Geb\u00fchren, Reisespesen und Anzahlungen an Dritte vom Entgelt nicht umfasst und k\u00f6nnen vom Unternehmer in Rechnung gestellt werden. F\u00fcr allf\u00e4llige vereinbarte, \u00fcber die im Auftragsschreiben und in diesen Vertragsbedingungen hinausgehenden T\u00e4tigkeiten wird ein gesondert vereinbartes oder angemessenes Entgelt in Rechnung gestellt.<\/p>\n<h6>5. Datenschutz:<\/h6>\n<p>Der Unternehmer und der Kunde sind verpflichtet, die Bestimmungen des Datenschutzgesetzes (DSG), der Datenschutz-Grundverordnung (DS-GVO) sowie allf\u00e4llige weitere gesetzliche Geheimhaltungsverpflichtungen einzuhalten.<br \/>\nDer Unternehmer verarbeitet zum Zweck der Vertragserf\u00fcllung die daf\u00fcr erforderlichen personenbezogenen Daten. Die detaillierten datenschutzrechtlichen Informationen (Datenschutzmitteilung) gem Art 13 ff DS-GVO finden Sie auf unserer Homepage unter: www.wunschfinder.at<br \/>\nDer Kunde ist verpflichtet, s\u00e4mtliche erforderliche datenschutzrechtliche Ma\u00dfnahmen, insbesondere jene im Sinne der DS-GVO zu treffen (z.B. Einholung der Zustimmungserkl\u00e4rung der Betroffenen), sodass der Unternehmer die personenbezogenen Daten zur Zweckbestimmung des Vertragsverh\u00e4ltnisses verarbeiten darf.<\/p>\n<h6>6. Adressen\u00e4nderung und Urheberrecht<\/h6>\n<p>Der Kunde ist verpflichtet, \u00c4nderungen seiner Wohn- oder Gesch\u00e4ftsadresse dem Unternehmer bekanntzugeben, solange das vertragsgegenst\u00e4ndliche Rechtsgesch\u00e4ft nicht beiderseitig vollst\u00e4ndig erf\u00fcllt ist. Wird die Mitteilung unterlassen, so gelten Erkl\u00e4rungen auch dann als zugegangen, falls sie an die zuletzt bekanntgegebene Adresse gesendet werden<br \/>\nPl\u00e4ne, Skizzen oder sonstige technische Unterlagen bleiben ebenso wie Muster, Kataloge, Prospekte, Abbildungen und dergleichen stets geistiges Eigentum des Unternehmers; der Kunde erh\u00e4lt daran keine wie immer gearteten Werknutzungs- oder Verwertungsrechte.<\/p>\n<h6>7. Sonstige Bestimmungen:<\/h6>\n<p>Erf\u00fcllungsort ist der Sitz des Unternehmers. Die Vertragssprache ist Deutsch.<br \/>\nDie Vertragspartner vereinbaren \u00f6sterreichische inl\u00e4ndische Gerichtsbarkeit. Handelt es sich nicht um ein Ver-brauchergesch\u00e4ft, ist zur Entscheidung aller aus diesem Vertrag entstehenden Streitigkeiten das am Sitz des Unternehmers sachlich zust\u00e4ndige Gericht ausschlie\u00dflich \u00f6rtlich zust\u00e4ndig.<br \/>\nAuf diesen Vertrag ist materielles \u00f6sterreichisches Recht unter Ausschluss der Verweisungsnormen des interna-tionalen Privatrechts (zB EV\u00dc, ROM I-VO) und des UN-Kaufrechtes anwendbar. Gegen\u00fcber einem Verbraucher gilt diese Rechtswahl nur insoweit, als dadurch keine zwingenden gesetzlichen Bestimmungen des Staates, in dem er seinen Wohnsitz oder gew\u00f6hnlichen Aufenthalt hat, eingeschr\u00e4nkt werden.<br \/>\nSollten Bestimmungen dieses Vertrages rechtsunwirksam, ung\u00fcltig und\/oder nichtig sein oder im Laufe ihrer Dauer werden, so ber\u00fchrt dies die Rechtswirksamkeit und die G\u00fcltigkeit der \u00fcbrigen Bestimmungen nicht. Die Vertragspartner verpflichten sich in diesem Fall, die rechtsunwirksame, ung\u00fcltige und\/oder nichtige (rechtsun-wirksam, ung\u00fcltig und\/oder nichtig gewordene) Bestimmung durch eine solche zu ersetzen, die rechtswirksam und g\u00fcltig ist und in ihrer wirtschaftlichen Auswirkung der ersetzten Bestimmung \u2013 soweit als m\u00f6glich und rechtlich zul\u00e4ssig \u2013 entspricht.<br \/>\nAlle Erkl\u00e4rungen rechtsverbindlicher Art aufgrund dieses Vertrages haben schriftlich an die zuletzt schriftlich bekannt gegebene Adresse des jeweils anderen Vertragspartners zu erfolgen. Wird eine Erkl\u00e4rung an die zuletzt schriftlich bekannt gegebene Adresse \u00fcbermittelt, so gilt diese dem jeweiligen Vertragspartner als zugegangen.<br \/>\nDie Bezeichnung der f\u00fcr die einzelnen Kapitel gew\u00e4hlten \u00dcberschriften dient einzig und allein der \u00dcbersicht-lichkeit und ist daher nicht zur Auslegung dieses Vertrages heranzuziehen.<br \/>\nDie Abtretung einzelner Rechte und Pflichten aus diesen AGB sind nur mit ausdr\u00fccklicher schriftlicher Zustim-mung des anderen Vertragspartners gestattet.<br \/>\nDer Kunde willigt ein, vom Unternehmer oder von Unternehmen, die hierzu vom Unternehmer beauftragt wurden, Nachrichten iSd \u00a7 107 Telekommunikationsgesetz (TKG) zu Werbezwecken zu erhalten. Diese Einwilligung kann vom Kunden jederzeit unter office@wunschfinder.at) widerrufen werden.<\/p>\n","protected":false},"excerpt":{"rendered":"<p>Allgemeine Gesch\u00e4ftsbedingungen von Birgit Brantner 3500 Krems\/Donau, Dr.Max-Thorwestenstrasse 17 (im [&hellip;]<\/p>\n","protected":false},"author":2,"featured_media":0,"parent":0,"menu_order":0,"comment_status":"closed","ping_status":"closed","template":"","meta":{"footnotes":""},"class_list":["post-3637","page","type-page","status-publish","hentry"],"_links":{"self":[{"href":"https:\/\/wunschfinder.at\/index.php\/wp-json\/wp\/v2\/pages\/3637","targetHints":{"allow":["GET"]}}],"collection":[{"href":"https:\/\/wunschfinder.at\/index.php\/wp-json\/wp\/v2\/pages"}],"about":[{"href":"https:\/\/wunschfinder.at\/index.php\/wp-json\/wp\/v2\/types\/page"}],"author":[{"embeddable":true,"href":"https:\/\/wunschfinder.at\/index.php\/wp-json\/wp\/v2\/users\/2"}],"replies":[{"embeddable":true,"href":"https:\/\/wunschfinder.at\/index.php\/wp-json\/wp\/v2\/comments?post=3637"}],"version-history":[{"count":2,"href":"https:\/\/wunschfinder.at\/index.php\/wp-json\/wp\/v2\/pages\/3637\/revisions"}],"predecessor-version":[{"id":3639,"href":"https:\/\/wunschfinder.at\/index.php\/wp-json\/wp\/v2\/pages\/3637\/revisions\/3639"}],"wp:attachment":[{"href":"https:\/\/wunschfinder.at\/index.php\/wp-json\/wp\/v2\/media?parent=3637"}],"curies":[{"name":"wp","href":"https:\/\/api.w.org\/{rel}","templated":true}]}}